{"id":1044,"date":"2016-03-29T17:47:13","date_gmt":"2016-03-29T15:47:13","guid":{"rendered":"http:\/\/www.scnb.de\/?page_id=1044"},"modified":"2026-02-25T22:30:36","modified_gmt":"2026-02-25T21:30:36","slug":"termine","status":"publish","type":"page","link":"https:\/\/www.scnb.de\/?page_id=1044","title":{"rendered":"Termine"},"content":{"rendered":"\n<div class=\"wp-block-group\"><div class=\"wp-block-group__inner-container is-layout-flow wp-block-group-is-layout-flow\">\n<br><br>\n<br>\n<b>Datum, Veranstaltung, Beginn<\/b> <br>\n<br>\n\n<br><b>Hier die neuen Termine f\u00fcr die Arbeitsdienste <br><b>\n\n<b>20. Feb 2026, Jahreshauptversammlung, 19Uhr <b> <br>\n<b>28. Feb 2026, Kohltour, 16Uhr <b> <br>\n<b>14. M\u00e4rz 2026, Arbeitsdienst, 8Uhr <b> <br>\n<b>21. M\u00e4rz 2026, zweiter Arbeitsdienst, 11:30Uhr <b> <br>\n<b>weitere Termine folgen noch <b> <br>\n<br>\nAktuelle Termine per WhatsApp und hier auf der Website\n<br><br><\/b><\/b><\/b><\/b><\/b><\/b><\/b><\/b><\/b><\/b><\/b><\/b>\n<\/div><\/div>\n\n\n\n<p><\/p>\n","protected":false},"excerpt":{"rendered":"<p>Datum, Veranstaltung, Beginn Hier die neuen Termine f\u00fcr die Arbeitsdienste 20. Feb 2026, Jahreshauptversammlung, 19Uhr 28. Feb 2026, Kohltour, 16Uhr 14. M\u00e4rz 2026, Arbeitsdienst, 8Uhr 21. M\u00e4rz 2026, zweiter Arbeitsdienst, 11:30Uhr weitere Termine folgen noch Aktuelle Termine per WhatsApp und hier auf der Website<\/p>\n","protected":false},"author":2,"featured_media":0,"parent":0,"menu_order":0,"comment_status":"closed","ping_status":"open","template":"","meta":{"footnotes":""},"class_list":["post-1044","page","type-page","status-publish","hentry"],"_links":{"self":[{"href":"https:\/\/www.scnb.de\/index.php?rest_route=\/wp\/v2\/pages\/1044","targetHints":{"allow":["GET"]}}],"collection":[{"href":"https:\/\/www.scnb.de\/index.php?rest_route=\/wp\/v2\/pages"}],"about":[{"href":"https:\/\/www.scnb.de\/index.php?rest_route=\/wp\/v2\/types\/page"}],"author":[{"embeddable":true,"href":"https:\/\/www.scnb.de\/index.php?rest_route=\/wp\/v2\/users\/2"}],"replies":[{"embeddable":true,"href":"https:\/\/www.scnb.de\/index.php?rest_route=%2Fwp%2Fv2%2Fcomments&post=1044"}],"version-history":[{"count":33,"href":"https:\/\/www.scnb.de\/index.php?rest_route=\/wp\/v2\/pages\/1044\/revisions"}],"predecessor-version":[{"id":17790,"href":"https:\/\/www.scnb.de\/index.php?rest_route=\/wp\/v2\/pages\/1044\/revisions\/17790"}],"wp:attachment":[{"href":"https:\/\/www.scnb.de\/index.php?rest_route=%2Fwp%2Fv2%2Fmedia&parent=1044"}],"curies":[{"name":"wp","href":"https:\/\/api.w.org\/{rel}","templated":true}]}}