{"id":1106,"date":"2020-02-29T10:30:04","date_gmt":"2020-02-29T09:30:04","guid":{"rendered":"http:\/\/www.scnb.de\/?page_id=1106"},"modified":"2026-02-25T22:25:40","modified_gmt":"2026-02-25T21:25:40","slug":"vorstand-2","status":"publish","type":"page","link":"https:\/\/www.scnb.de\/?page_id=1106","title":{"rendered":"Vorstand"},"content":{"rendered":"\n<div class=\"wp-block-media-text alignwide is-stacked-on-mobile is-vertically-aligned-center\" style=\"grid-template-columns:36% auto\"><figure class=\"wp-block-media-text__media\"><img loading=\"lazy\" decoding=\"async\" width=\"909\" height=\"1024\" src=\"https:\/\/www.scnb.de\/wp-content\/uploads\/2020\/02\/RalfNiemann-scaled-e1582969054973-909x1024.jpeg\" alt=\"\" class=\"wp-image-2391 size-full\"\/><\/figure><div class=\"wp-block-media-text__content\">\n<p><strong>1. Vorsitzender:<\/strong> <\/p>\n\n\n\n<p>Ralf Niemann<br><\/p>\n\n\n\n<p><br> Tel.: 0177 &#8211; 525 169 6<br><br> Vorsitzender[[at]]scnb.de<\/p>\n<\/div><\/div>\n\n\n\n<div class=\"wp-block-media-text alignwide is-stacked-on-mobile is-vertically-aligned-center\" style=\"grid-template-columns:36% auto\"><figure class=\"wp-block-media-text__media\"><img loading=\"lazy\" decoding=\"async\" width=\"121\" height=\"161\" src=\"https:\/\/www.scnb.de\/wp-content\/uploads\/2016\/03\/Hans-Wolf_klein.jpg\" alt=\"\" class=\"wp-image-1567 size-full\"\/><\/figure><div class=\"wp-block-media-text__content\">\n<p><strong>Rechnungsf\u00fchrer<\/strong>:<\/p>\n\n\n\n<p> Hans-Wolf Busch<br><\/p>\n\n\n\n<p><br><br>\nTel.: 04203 &#8211; 787571<br><br>\nRechnungsfuehrer[[at]]scnb.de<br><br><\/p>\n<\/div><\/div>\n\n\n\n<div class=\"wp-block-media-text alignwide is-stacked-on-mobile\" style=\"grid-template-columns:37% auto\"><figure class=\"wp-block-media-text__media\"><img loading=\"lazy\" decoding=\"async\" width=\"121\" height=\"114\" src=\"https:\/\/www.scnb.de\/wp-content\/uploads\/2016\/03\/shapeimage_6.png\" alt=\"\" class=\"wp-image-1120 size-full\"\/><\/figure><div class=\"wp-block-media-text__content\">\n<p><strong>Schriftf\u00fchrer:<\/strong><\/p>\n\n\n\n<p>J\u00fcrgen Helmich<br><\/p>\n\n\n\n<p><br><br>\nTel.:  0176 &#8211; 37924222<br><br>\nSchriftfuehrer[[at]]scnb.de<\/p>\n<\/div><\/div>\n\n\n\n<div class=\"wp-block-media-text alignwide is-stacked-on-mobile\" style=\"grid-template-columns:38% auto\"><figure class=\"wp-block-media-text__media\"><img loading=\"lazy\" decoding=\"async\" width=\"768\" height=\"1024\" src=\"https:\/\/www.scnb.de\/wp-content\/uploads\/2020\/02\/P1020922-768x1024.jpg\" alt=\"\" class=\"wp-image-2370 size-full\"\/><\/figure><div class=\"wp-block-media-text__content\">\n<p class=\"has-normal-font-size\"><strong>1.Bootswart<\/strong>:<\/p>\n\n\n\n<p>Christian Kleine<\/p>\n\n\n\n<p>Tel.: 01522 &#8211; 2676652<\/p>\n\n\n\n<p>1.Bootswart[[at]]scnb.de<\/p>\n\n\n\n<p><strong>Ansprechpartner f\u00fcr Liegeplatzanfragen<\/strong><\/p>\n<\/div><\/div>\n\n\n\n<div class=\"wp-block-media-text alignwide is-stacked-on-mobile\" style=\"grid-template-columns:38% auto\"><figure class=\"wp-block-media-text__media\"><img loading=\"lazy\" decoding=\"async\" width=\"207\" height=\"299\" src=\"https:\/\/www.scnb.de\/wp-content\/uploads\/2026\/02\/Stefan-Huehn_neu.jpg\" alt=\"\" class=\"wp-image-17784 size-full\"\/><\/figure><div class=\"wp-block-media-text__content\">\n<p><strong>2. Bootswart:<\/strong><\/p>\n\n\n\n<p>Stefan H\u00fchn<br><br> <br><br> Tel.: 01573 &#8211; 2520503<br><br> 2.Bootswart[[at]]scnb.de<\/p>\n<\/div><\/div>\n\n\n\n<div class=\"wp-block-media-text alignwide is-stacked-on-mobile\" style=\"grid-template-columns:38% auto\"><figure class=\"wp-block-media-text__media\"><img loading=\"lazy\" decoding=\"async\" width=\"768\" height=\"1024\" src=\"https:\/\/www.scnb.de\/wp-content\/uploads\/2020\/02\/P1020922-768x1024.jpg\" alt=\"\" class=\"wp-image-2370 size-full\"\/><\/figure><div class=\"wp-block-media-text__content\">\n<p><strong>1. Hauswart:<\/strong><\/p>\n\n\n\n<p>Christian Kleine<br><br>Tel.: 01522 &#8211; 2676652<br><br> 1.Hauswart[[at]]scnb.de<\/p>\n\n\n\n<p><strong>Ansprechpartner f\u00fcr Liegeplatzanfragen<\/strong><\/p>\n<\/div><\/div>\n\n\n\n<div class=\"wp-block-media-text alignwide is-stacked-on-mobile\" style=\"grid-template-columns:38% auto\"><figure class=\"wp-block-media-text__media\"><img loading=\"lazy\" decoding=\"async\" width=\"207\" height=\"299\" src=\"https:\/\/www.scnb.de\/wp-content\/uploads\/2026\/02\/Stefan-Huehn_neu.jpg\" alt=\"\" class=\"wp-image-17784 size-full\"\/><\/figure><div class=\"wp-block-media-text__content\">\n<p><strong>2. Hauswart:<\/strong><\/p>\n\n\n\n<p>Stefan H\u00fchn<br><\/p>\n\n\n\n<p><br><br> Tel.: 01573 &#8211; 2520503<br><br> 2.Hauswart[[at]]scnb.de<\/p>\n<\/div><\/div>\n\n\n\n<div class=\"wp-block-media-text alignwide is-stacked-on-mobile\" style=\"grid-template-columns:39% auto\"><figure class=\"wp-block-media-text__media\"><img loading=\"lazy\" decoding=\"async\" width=\"909\" height=\"1024\" src=\"https:\/\/www.scnb.de\/wp-content\/uploads\/2020\/02\/RalfNiemann-scaled-e1582969054973-909x1024.jpeg\" alt=\"\" class=\"wp-image-2391 size-full\"\/><\/figure><div class=\"wp-block-media-text__content\">\n<p><strong>Jugend- und Sportwart<\/strong><\/p>\n\n\n\n<p>Ralf Niemann<\/p>\n\n\n\n<p>Tel.: 0177 &#8211; 525 169 6<\/p>\n\n\n\n<p>Jugendwart[[at]]scnb.de<br>Sportwart[[at]]scnb.de<\/p>\n<\/div><\/div>\n\n\n\n<div class=\"wp-block-media-text alignwide is-stacked-on-mobile\" style=\"grid-template-columns:38% auto\"><figure class=\"wp-block-media-text__media\"><img loading=\"lazy\" decoding=\"async\" width=\"102\" height=\"128\" src=\"https:\/\/www.scnb.de\/wp-content\/uploads\/2016\/03\/Niels_klein.jpg\" alt=\"\" class=\"wp-image-1552 size-full\"\/><\/figure><div class=\"wp-block-media-text__content\">\n<p><strong>Websiteadministrator<\/strong> <strong>und<\/strong><\/p>\n\n\n\n<p><strong>Unterst\u00fctzung des Vorstandes<\/strong><\/p>\n\n\n\n<p>Niels Heinsohn<br><\/p>\n\n\n\n<p><br><br>\nTel.: 0172 &#8211; 4369046<br><br>\nWebsiteadministrator[[at]]scnb.de<\/p>\n<\/div><\/div>\n","protected":false},"excerpt":{"rendered":"<p>1. Vorsitzender: Ralf Niemann Tel.: 0177 &#8211; 525 169 6 Vorsitzender[[at]]scnb.de Rechnungsf\u00fchrer: Hans-Wolf Busch Tel.: 04203 &#8211; 787571 Rechnungsfuehrer[[at]]scnb.de Schriftf\u00fchrer: J\u00fcrgen Helmich Tel.: 0176 &#8211; 37924222 Schriftfuehrer[[at]]scnb.de 1.Bootswart: Christian Kleine Tel.: 01522 &#8211; 2676652 1.Bootswart[[at]]scnb.de Ansprechpartner f\u00fcr Liegeplatzanfragen 2. Bootswart: Stefan H\u00fchn Tel.: 01573 &#8211; 2520503 2.Bootswart[[at]]scnb.de 1. Hauswart: Christian Kleine Tel.: 01522 &#8211; 2676652 &hellip; <\/p>\n<p class=\"link-more\"><a href=\"https:\/\/www.scnb.de\/?page_id=1106\" class=\"more-link\"><span class=\"screen-reader-text\">\u201eVorstand\u201c <\/span>weiterlesen<\/a><\/p>\n","protected":false},"author":2,"featured_media":0,"parent":0,"menu_order":0,"comment_status":"closed","ping_status":"open","template":"","meta":{"footnotes":""},"class_list":["post-1106","page","type-page","status-publish","hentry"],"_links":{"self":[{"href":"https:\/\/www.scnb.de\/index.php?rest_route=\/wp\/v2\/pages\/1106","targetHints":{"allow":["GET"]}}],"collection":[{"href":"https:\/\/www.scnb.de\/index.php?rest_route=\/wp\/v2\/pages"}],"about":[{"href":"https:\/\/www.scnb.de\/index.php?rest_route=\/wp\/v2\/types\/page"}],"author":[{"embeddable":true,"href":"https:\/\/www.scnb.de\/index.php?rest_route=\/wp\/v2\/users\/2"}],"replies":[{"embeddable":true,"href":"https:\/\/www.scnb.de\/index.php?rest_route=%2Fwp%2Fv2%2Fcomments&post=1106"}],"version-history":[{"count":28,"href":"https:\/\/www.scnb.de\/index.php?rest_route=\/wp\/v2\/pages\/1106\/revisions"}],"predecessor-version":[{"id":17788,"href":"https:\/\/www.scnb.de\/index.php?rest_route=\/wp\/v2\/pages\/1106\/revisions\/17788"}],"wp:attachment":[{"href":"https:\/\/www.scnb.de\/index.php?rest_route=%2Fwp%2Fv2%2Fmedia&parent=1106"}],"curies":[{"name":"wp","href":"https:\/\/api.w.org\/{rel}","templated":true}]}}