{"id":1217,"date":"2020-01-14T18:00:53","date_gmt":"2020-01-14T17:00:53","guid":{"rendered":"http:\/\/www.scnb.de\/?page_id=1217"},"modified":"2026-02-25T22:23:57","modified_gmt":"2026-02-25T21:23:57","slug":"startseite-2","status":"publish","type":"page","link":"https:\/\/www.scnb.de\/","title":{"rendered":"Startseite"},"content":{"rendered":"\n<div class=\"wp-block-media-text alignwide is-vertically-aligned-top\" style=\"grid-template-columns:25% auto\"><figure class=\"wp-block-media-text__media\"><img loading=\"lazy\" decoding=\"async\" width=\"512\" height=\"406\" src=\"https:\/\/www.scnb.de\/wordpress\/wp-content\/uploads\/2020\/01\/Stander_512x406-1.jpg\" alt=\"\" class=\"wp-image-2243 size-full\" srcset=\"https:\/\/www.scnb.de\/wp-content\/uploads\/2020\/01\/Stander_512x406-1.jpg 512w, https:\/\/www.scnb.de\/wp-content\/uploads\/2020\/01\/Stander_512x406-1-300x238.jpg 300w\" sizes=\"auto, (max-width: 512px) 100vw, 512px\" \/><\/figure><div class=\"wp-block-media-text__content\">\n<p class=\"has-text-align-center\" style=\"font-size:29px\"><strong>Willkommen auf der Website des Segel-Club Niedersachsen-Burg e.V<\/strong>.<\/p>\n\n\n\n<p><\/p>\n\n\n\n<h1 class=\"wp-block-heading has-text-align-center\"><strong>Es gibt neue Termine f\u00fcr 2026<\/strong> <strong>schaut einfach mal nach<\/strong><\/h1>\n\n\n\n<p><\/p>\n\n\n\n<p><\/p>\n\n\n\n<div class=\"wp-block-group has-electric-grass-gradient-background has-background is-vertical is-layout-flex wp-container-core-group-is-layout-8cf370e7 wp-block-group-is-layout-flex\">\n<div class=\"wp-block-group\"><div class=\"wp-block-group__inner-container is-layout-flow wp-block-group-is-layout-flow\">\n<h2 class=\"wp-block-heading has-text-align-center\" style=\"font-size:26px\"><strong><em><a rel=\"noreferrer noopener\" href=\"https:\/\/www.scnb.de\/?page_id=1106\" data-type=\"URL\" data-id=\"https:\/\/www.scnb.de\/?page_id=1106\" target=\"_blank\">Ansprechpartner f\u00fcr Liegeplatzanfragen<\/a><\/em><\/strong><\/h2>\n\n\n\n<p class=\"has-text-align-center\"><strong>dann seit ihr bei Christian und Stefan gut aufgehoben.<\/strong><\/p>\n\n\n\n<p class=\"has-text-align-center\"><strong>Hier wird dir gerne geholfen<\/strong>.<\/p>\n<\/div><\/div>\n<\/div>\n<\/div><\/div>\n\n\n\n<h2 class=\"wp-block-heading has-text-align-center\"><strong>An die Mitglieder des SCNB: <\/strong><\/h2>\n\n\n\n<h2 class=\"wp-block-heading has-text-align-center\"><strong>Am<\/strong> <strong>27.04.2021 w\u00e4re unser bekanntestes Mitglied 100 Jahre alt geworden<\/strong>.<\/h2>\n\n\n\n<p class=\"has-text-align-center has-medium-font-size\"><strong>Aus diesem Anlass war k\u00fcrzlich ein Fernsehteam von Buten und Binnen bei uns im Club,<\/strong> <strong>um mit Zeitzeugen \u00fcber unsern Kuli und seiner Leidenschaft dem Segeln zu sprechen.<\/strong> <strong>Die Sendung wird am 27.04.2021 um 19:30 Uhr auf Buten und Binnen ausgestrahlt<\/strong>.<\/p>\n\n\n\n<p style=\"font-size:22px\"><strong>Link zu Buten un Binnen:<\/strong><\/p>\n\n\n\n<p class=\"has-text-align-center has-medium-font-size\"><a rel=\"noreferrer noopener\" href=\"https:\/\/www.butenunbinnen.de\/nachrichten\/gesellschaft\/geburtstag-hans-joachim-kulenkampff-100.html\" target=\"_blank\"><strong>https:\/\/www.butenunbinnen.de\/nachrichten\/gesellschaft\/geburtstag-hans-joachim-kulenkampff-100.html<\/strong><\/a><\/p>\n\n\n\n<p><\/p>\n\n\n\n<div class=\"wp-block-media-text alignwide\"><figure class=\"wp-block-media-text__media\"><\/figure><div class=\"wp-block-media-text__content\">\n<p class=\"has-large-font-size\"><\/p>\n<\/div><\/div>\n\n\n\n<p><\/p>\n\n\n\n<figure class=\"wp-block-gallery has-nested-images columns-default is-cropped wp-block-gallery-1 is-layout-flex wp-block-gallery-is-layout-flex\"><\/figure>\n","protected":false},"excerpt":{"rendered":"<p>An die Mitglieder des SCNB: Am 27.04.2021 w\u00e4re unser bekanntestes Mitglied 100 Jahre alt geworden. Aus diesem Anlass war k\u00fcrzlich ein Fernsehteam von Buten und Binnen bei uns im Club, um mit Zeitzeugen \u00fcber unsern Kuli und seiner Leidenschaft dem Segeln zu sprechen. Die Sendung wird am 27.04.2021 um 19:30 Uhr auf Buten und Binnen &hellip; <\/p>\n<p class=\"link-more\"><a href=\"https:\/\/www.scnb.de\/\" class=\"more-link\"><span class=\"screen-reader-text\">\u201eStartseite\u201c <\/span>weiterlesen<\/a><\/p>\n","protected":false},"author":2,"featured_media":0,"parent":0,"menu_order":0,"comment_status":"closed","ping_status":"closed","template":"","meta":{"footnotes":""},"class_list":["post-1217","page","type-page","status-publish","hentry"],"_links":{"self":[{"href":"https:\/\/www.scnb.de\/index.php?rest_route=\/wp\/v2\/pages\/1217","targetHints":{"allow":["GET"]}}],"collection":[{"href":"https:\/\/www.scnb.de\/index.php?rest_route=\/wp\/v2\/pages"}],"about":[{"href":"https:\/\/www.scnb.de\/index.php?rest_route=\/wp\/v2\/types\/page"}],"author":[{"embeddable":true,"href":"https:\/\/www.scnb.de\/index.php?rest_route=\/wp\/v2\/users\/2"}],"replies":[{"embeddable":true,"href":"https:\/\/www.scnb.de\/index.php?rest_route=%2Fwp%2Fv2%2Fcomments&post=1217"}],"version-history":[{"count":46,"href":"https:\/\/www.scnb.de\/index.php?rest_route=\/wp\/v2\/pages\/1217\/revisions"}],"predecessor-version":[{"id":17787,"href":"https:\/\/www.scnb.de\/index.php?rest_route=\/wp\/v2\/pages\/1217\/revisions\/17787"}],"wp:attachment":[{"href":"https:\/\/www.scnb.de\/index.php?rest_route=%2Fwp%2Fv2%2Fmedia&parent=1217"}],"curies":[{"name":"wp","href":"https:\/\/api.w.org\/{rel}","templated":true}]}}